{"id":363,"date":"2025-10-24T23:53:17","date_gmt":"2025-10-25T02:53:17","guid":{"rendered":"https:\/\/omniadc.com\/?page_id=363"},"modified":"2025-12-22T11:47:38","modified_gmt":"2025-12-22T14:47:38","slug":"apoio-estrategico","status":"publish","type":"page","link":"http:\/\/omniadc.com\/en\/apoio-estrategico\/","title":{"rendered":"Apoio Estrat\u00e9gico"},"content":{"rendered":"\t\t<div data-elementor-type=\"wp-page\" data-elementor-id=\"363\" class=\"elementor elementor-363\" data-elementor-post-type=\"page\">\n\t\t\t\t<div class=\"elementor-element elementor-element-b91fecf e-con-full e-flex e-con e-parent\" data-id=\"b91fecf\" data-element_type=\"container\" data-settings=\"{&quot;background_background&quot;:&quot;classic&quot;}\">\n\t\t\t\t<\/div>\n\t\t<div class=\"elementor-element elementor-element-a673062 e-flex e-con-boxed e-con e-parent\" data-id=\"a673062\" data-element_type=\"container\">\n\t\t\t\t\t<div class=\"e-con-inner\">\n\t\t<div class=\"elementor-element elementor-element-ab82745 e-con-full e-flex e-con e-child\" data-id=\"ab82745\" data-element_type=\"container\">\n\t\t\t\t<div class=\"elementor-element elementor-element-478e181 elementor-widget elementor-widget-heading\" data-id=\"478e181\" data-element_type=\"widget\" data-widget_type=\"heading.default\">\n\t\t\t\t\t<h2 class=\"elementor-heading-title elementor-size-default\">APOIO ESTRAT\u00c9GICO<\/h2>\t\t\t\t<\/div>\n\t\t\t\t<\/div>\n\t\t<div class=\"elementor-element elementor-element-ddaa48f e-con-full elementor-hidden-mobile e-flex e-con e-child\" data-id=\"ddaa48f\" data-element_type=\"container\">\n\t\t\t\t<\/div>\n\t\t\t\t\t<\/div>\n\t\t\t\t<\/div>\n\t\t<div class=\"elementor-element elementor-element-cfa3c00 e-flex e-con-boxed elementor-invisible e-con e-parent\" data-id=\"cfa3c00\" data-element_type=\"container\" data-settings=\"{&quot;animation&quot;:&quot;fadeInUp&quot;}\">\n\t\t\t\t\t<div class=\"e-con-inner\">\n\t\t<div class=\"elementor-element elementor-element-d1ad759 e-con-full e-flex e-con e-child\" data-id=\"d1ad759\" data-element_type=\"container\">\n\t\t\t\t<div class=\"elementor-element elementor-element-e6679ac elementor-invisible elementor-widget elementor-widget-heading\" data-id=\"e6679ac\" data-element_type=\"widget\" data-settings=\"{&quot;_animation&quot;:&quot;fadeIn&quot;,&quot;_animation_mobile&quot;:&quot;fadeInUp&quot;}\" data-widget_type=\"heading.default\">\n\t\t\t\t\t<h2 class=\"elementor-heading-title elementor-size-default\"><span style=\"font-weight: bold;color: #78D64B\">INVESTIDORES<\/span>\n<\/h2>\t\t\t\t<\/div>\n\t\t<div class=\"elementor-element elementor-element-1f6326d e-con-full e-flex e-con e-child\" data-id=\"1f6326d\" data-element_type=\"container\">\n\t\t\t\t<div class=\"elementor-element elementor-element-c361f17 elementor-pagination-type-bullets elementor-pagination-position-outside elementor-widget elementor-widget-n-carousel\" data-id=\"c361f17\" data-element_type=\"widget\" data-settings=\"{&quot;carousel_items&quot;:[{&quot;slide_title&quot;:&quot;Slide #1&quot;,&quot;_id&quot;:&quot;c2b24d6&quot;}],&quot;slides_to_show&quot;:&quot;1&quot;,&quot;slides_to_show_tablet&quot;:&quot;1&quot;,&quot;slides_to_scroll&quot;:&quot;1&quot;,&quot;slides_to_scroll_tablet&quot;:&quot;1&quot;,&quot;slides_to_show_mobile&quot;:&quot;1&quot;,&quot;autoplay&quot;:&quot;yes&quot;,&quot;autoplay_speed&quot;:5000,&quot;pause_on_hover&quot;:&quot;yes&quot;,&quot;pause_on_interaction&quot;:&quot;yes&quot;,&quot;infinite&quot;:&quot;yes&quot;,&quot;speed&quot;:500,&quot;offset_sides&quot;:&quot;none&quot;,&quot;pagination&quot;:&quot;bullets&quot;,&quot;image_spacing_custom&quot;:{&quot;unit&quot;:&quot;px&quot;,&quot;size&quot;:10,&quot;sizes&quot;:[]},&quot;image_spacing_custom_widescreen&quot;:{&quot;unit&quot;:&quot;px&quot;,&quot;size&quot;:&quot;&quot;,&quot;sizes&quot;:[]},&quot;image_spacing_custom_laptop&quot;:{&quot;unit&quot;:&quot;px&quot;,&quot;size&quot;:&quot;&quot;,&quot;sizes&quot;:[]},&quot;image_spacing_custom_tablet_extra&quot;:{&quot;unit&quot;:&quot;px&quot;,&quot;size&quot;:&quot;&quot;,&quot;sizes&quot;:[]},&quot;image_spacing_custom_tablet&quot;:{&quot;unit&quot;:&quot;px&quot;,&quot;size&quot;:&quot;&quot;,&quot;sizes&quot;:[]},&quot;image_spacing_custom_mobile_extra&quot;:{&quot;unit&quot;:&quot;px&quot;,&quot;size&quot;:&quot;&quot;,&quot;sizes&quot;:[]},&quot;image_spacing_custom_mobile&quot;:{&quot;unit&quot;:&quot;px&quot;,&quot;size&quot;:&quot;&quot;,&quot;sizes&quot;:[]}}\" data-widget_type=\"nested-carousel.default\">\n\t\t\t\t\t\t\t<div class=\"e-n-carousel swiper\" role=\"region\" aria-roledescription=\"carousel\" aria-label=\"Carrossel\" dir=\"ltr\">\n\t\t\t<div class=\"swiper-wrapper\" aria-live=\"off\">\n\t\t\t\t\t\t\t\t\t\t<div class=\"swiper-slide\" data-slide=\"1\" role=\"group\" aria-roledescription=\"slide\" aria-label=\"1 de 1\">\n\t\t\t\t\t\t\t<div class=\"elementor-element elementor-element-2100772 e-flex e-con-boxed e-con e-child\" data-id=\"2100772\" data-element_type=\"container\">\n\t\t\t\t\t<div class=\"e-con-inner\">\n\t\t<div class=\"elementor-element elementor-element-aafeaa9 e-con-full e-flex e-con e-child\" data-id=\"aafeaa9\" data-element_type=\"container\">\n\t\t\t\t<div class=\"elementor-element elementor-element-66d0ab9 elementor-widget elementor-widget-image\" data-id=\"66d0ab9\" data-element_type=\"widget\" data-widget_type=\"image.default\">\n\t\t\t\t\t\t\t\t\t\t\t\t\t\t\t<img fetchpriority=\"high\" decoding=\"async\" width=\"800\" height=\"336\" src=\"https:\/\/omniadc.com\/wp-content\/uploads\/2025\/11\/patria-logo-300dpi-1024x430.png\" class=\"attachment-large size-large wp-image-560\" alt=\"\" srcset=\"https:\/\/omniadc.com\/wp-content\/uploads\/2025\/11\/patria-logo-300dpi-1024x430.png 1024w, https:\/\/omniadc.com\/wp-content\/uploads\/2025\/11\/patria-logo-300dpi-300x126.png 300w, https:\/\/omniadc.com\/wp-content\/uploads\/2025\/11\/patria-logo-300dpi-768x322.png 768w, https:\/\/omniadc.com\/wp-content\/uploads\/2025\/11\/patria-logo-300dpi-1536x645.png 1536w, https:\/\/omniadc.com\/wp-content\/uploads\/2025\/11\/patria-logo-300dpi-2048x860.png 2048w\" sizes=\"(max-width: 800px) 100vw, 800px\" \/>\t\t\t\t\t\t\t\t\t\t\t\t\t\t\t<\/div>\n\t\t\t\t<\/div>\n\t\t<div class=\"elementor-element elementor-element-28ec663 e-con-full e-flex e-con e-child\" data-id=\"28ec663\" data-element_type=\"container\">\n\t\t\t\t<div class=\"elementor-element elementor-element-3c9300e elementor-invisible elementor-widget elementor-widget-heading\" data-id=\"3c9300e\" data-element_type=\"widget\" data-settings=\"{&quot;_animation&quot;:&quot;fadeIn&quot;,&quot;_animation_mobile&quot;:&quot;fadeInUp&quot;}\" data-widget_type=\"heading.default\">\n\t\t\t\t\t<h2 class=\"elementor-heading-title elementor-size-default\">PATRIA INVESTIMENTOS<\/h2>\t\t\t\t<\/div>\n\t\t\t\t<div class=\"elementor-element elementor-element-50f2142 elementor-widget elementor-widget-text-editor\" data-id=\"50f2142\" data-element_type=\"widget\" data-widget_type=\"text-editor.default\">\n\t\t\t\t\t\t\t\t\t<p>A OMNIA \u00e9 uma plataforma de datacenters hiperescal\u00e1veis lan\u00e7ada a partir do Fundo V de Infraestutura do Patria, gestora l\u00edder de ativos alternativos na Am\u00e9rica Latina. Com 37 anos de experi\u00eancia e aproximadamente U$ 50 bilh\u00f5es em ativos sob gest\u00e3o, o Patria possui ampla experi\u00eancia em projetos de infraestrutura, incluindo energia, log\u00edstica e transporte, infraestrutura de dados e servi\u00e7os ambientais.<\/p>\t\t\t\t\t\t\t\t<\/div>\n\t\t\t\t<div class=\"elementor-element elementor-element-3deb983 elementor-widget elementor-widget-button\" data-id=\"3deb983\" data-element_type=\"widget\" data-no-translation=\"\" data-widget_type=\"button.default\">\n\t\t\t\t\t<style>.elementor-element-3deb983{display:none !important}<\/style>\t\t\t\t<\/div>\n\t\t\t\t<\/div>\n\t\t\t\t\t<\/div>\n\t\t\t\t<\/div>\n\t\t\t\t\t\t\t\t<\/div>\n\t\t\t\t\t\t\t\t<\/div>\n\t\t<\/div>\n\t\t\t\t\t\t<\/div>\n\t\t\t\t<\/div>\n\t\t\t\t<\/div>\n\t\t\t\t\t<\/div>\n\t\t\t\t<\/div>\n\t\t<div class=\"elementor-element elementor-element-cf2b5f8 e-flex e-con-boxed elementor-invisible e-con e-parent\" data-id=\"cf2b5f8\" data-element_type=\"container\" data-settings=\"{&quot;animation&quot;:&quot;fadeInUp&quot;}\">\n\t\t\t\t\t<div class=\"e-con-inner\">\n\t\t<div class=\"elementor-element elementor-element-4122857 e-con-full e-flex e-con e-child\" data-id=\"4122857\" data-element_type=\"container\">\n\t\t\t\t<div class=\"elementor-element elementor-element-f3c8e6f elementor-invisible elementor-widget elementor-widget-heading\" data-id=\"f3c8e6f\" data-element_type=\"widget\" data-settings=\"{&quot;_animation&quot;:&quot;fadeIn&quot;,&quot;_animation_mobile&quot;:&quot;fadeInUp&quot;}\" data-widget_type=\"heading.default\">\n\t\t\t\t\t<h2 class=\"elementor-heading-title elementor-size-default\"><span style=\"font-weight: bold;color: #78D64B\">PARCEIROS<\/span>\n<\/h2>\t\t\t\t<\/div>\n\t\t<div class=\"elementor-element elementor-element-3e5d771 e-con-full e-flex e-con e-child\" data-id=\"3e5d771\" data-element_type=\"container\">\n\t\t\t\t<div class=\"elementor-element elementor-element-bf0de6e elementor-pagination-type-bullets elementor-pagination-position-outside elementor-widget elementor-widget-n-carousel\" data-id=\"bf0de6e\" data-element_type=\"widget\" data-settings=\"{&quot;carousel_items&quot;:[{&quot;slide_title&quot;:&quot;Slide #1&quot;,&quot;_id&quot;:&quot;c2b24d6&quot;}],&quot;slides_to_show&quot;:&quot;1&quot;,&quot;slides_to_show_tablet&quot;:&quot;1&quot;,&quot;slides_to_scroll&quot;:&quot;1&quot;,&quot;slides_to_scroll_tablet&quot;:&quot;1&quot;,&quot;slides_to_show_mobile&quot;:&quot;1&quot;,&quot;autoplay&quot;:&quot;yes&quot;,&quot;autoplay_speed&quot;:5000,&quot;pause_on_hover&quot;:&quot;yes&quot;,&quot;pause_on_interaction&quot;:&quot;yes&quot;,&quot;infinite&quot;:&quot;yes&quot;,&quot;speed&quot;:500,&quot;offset_sides&quot;:&quot;none&quot;,&quot;pagination&quot;:&quot;bullets&quot;,&quot;image_spacing_custom&quot;:{&quot;unit&quot;:&quot;px&quot;,&quot;size&quot;:10,&quot;sizes&quot;:[]},&quot;image_spacing_custom_widescreen&quot;:{&quot;unit&quot;:&quot;px&quot;,&quot;size&quot;:&quot;&quot;,&quot;sizes&quot;:[]},&quot;image_spacing_custom_laptop&quot;:{&quot;unit&quot;:&quot;px&quot;,&quot;size&quot;:&quot;&quot;,&quot;sizes&quot;:[]},&quot;image_spacing_custom_tablet_extra&quot;:{&quot;unit&quot;:&quot;px&quot;,&quot;size&quot;:&quot;&quot;,&quot;sizes&quot;:[]},&quot;image_spacing_custom_tablet&quot;:{&quot;unit&quot;:&quot;px&quot;,&quot;size&quot;:&quot;&quot;,&quot;sizes&quot;:[]},&quot;image_spacing_custom_mobile_extra&quot;:{&quot;unit&quot;:&quot;px&quot;,&quot;size&quot;:&quot;&quot;,&quot;sizes&quot;:[]},&quot;image_spacing_custom_mobile&quot;:{&quot;unit&quot;:&quot;px&quot;,&quot;size&quot;:&quot;&quot;,&quot;sizes&quot;:[]}}\" data-widget_type=\"nested-carousel.default\">\n\t\t\t\t\t\t\t<div class=\"e-n-carousel swiper\" role=\"region\" aria-roledescription=\"carousel\" aria-label=\"Carrossel\" dir=\"ltr\">\n\t\t\t<div class=\"swiper-wrapper\" aria-live=\"off\">\n\t\t\t\t\t\t\t\t\t\t<div class=\"swiper-slide\" data-slide=\"1\" role=\"group\" aria-roledescription=\"slide\" aria-label=\"1 de 1\">\n\t\t\t\t\t\t\t<div class=\"elementor-element elementor-element-25522f4 e-flex e-con-boxed e-con e-child\" data-id=\"25522f4\" data-element_type=\"container\">\n\t\t\t\t\t<div class=\"e-con-inner\">\n\t\t<div class=\"elementor-element elementor-element-a7cc4c7 e-con-full e-flex e-con e-child\" data-id=\"a7cc4c7\" data-element_type=\"container\">\n\t\t\t\t<div class=\"elementor-element elementor-element-b67cc86 elementor-widget elementor-widget-image\" data-id=\"b67cc86\" data-element_type=\"widget\" data-widget_type=\"image.default\">\n\t\t\t\t\t\t\t\t\t\t\t\t\t\t\t<img decoding=\"async\" src=\"https:\/\/omniadc.com\/wp-content\/uploads\/elementor\/thumbs\/casa-dos-ventos-logotipo-rewev0ycpgloadbf70773l77kyxcczzyrjjiaxpzni.png\" title=\"casa dos ventos logotipo\" alt=\"casa dos ventos logotipo\" loading=\"lazy\" \/>\t\t\t\t\t\t\t\t\t\t\t\t\t\t\t<\/div>\n\t\t\t\t<\/div>\n\t\t<div class=\"elementor-element elementor-element-65914ee e-con-full e-flex e-con e-child\" data-id=\"65914ee\" data-element_type=\"container\">\n\t\t\t\t<div class=\"elementor-element elementor-element-516b350 elementor-invisible elementor-widget elementor-widget-heading\" data-id=\"516b350\" data-element_type=\"widget\" data-settings=\"{&quot;_animation&quot;:&quot;fadeIn&quot;,&quot;_animation_mobile&quot;:&quot;fadeInUp&quot;}\" data-widget_type=\"heading.default\">\n\t\t\t\t\t<h2 class=\"elementor-heading-title elementor-size-default\">CASA DOS VENTOS<\/h2>\t\t\t\t<\/div>\n\t\t\t\t<div class=\"elementor-element elementor-element-100f3e4 elementor-widget elementor-widget-text-editor\" data-id=\"100f3e4\" data-element_type=\"widget\" data-widget_type=\"text-editor.default\">\n\t\t\t\t\t\t\t\t\t<p>O DC Pec\u00e9m, primeiro projeto da companhia, foi desenvolvido por meio de uma parceria entre Omnia e Casa dos Ventos, iniciada em meados de 2024.<\/p><p>A Casa dos Ventos \u00e9 uma empresa de solu\u00e7\u00f5es sustent\u00e1veis que, em harmonia com o meio ambiente, atua como protagonista para acelerar a transi\u00e7\u00e3o energ\u00e9tica. \u2028\u2028<\/p>\t\t\t\t\t\t\t\t<\/div>\n\t\t\t\t<div class=\"elementor-element elementor-element-cbc42c2 elementor-widget elementor-widget-button\" data-id=\"cbc42c2\" data-element_type=\"widget\" data-no-translation=\"\" data-widget_type=\"button.default\">\n\t\t\t\t\t<style>.elementor-element-cbc42c2{display:none !important}<\/style>\t\t\t\t<\/div>\n\t\t\t\t<\/div>\n\t\t\t\t\t<\/div>\n\t\t\t\t<\/div>\n\t\t\t\t\t\t\t\t<\/div>\n\t\t\t\t\t\t\t\t<\/div>\n\t\t<\/div>\n\t\t\t\t\t\t<\/div>\n\t\t\t\t<\/div>\n\t\t\t\t<\/div>\n\t\t\t\t\t<\/div>\n\t\t\t\t<\/div>\n\t\t\t\t<\/div>\n\t\t","protected":false},"excerpt":{"rendered":"<p>APOIO ESTRAT\u00c9GICO INVESTIDORES PATRIA INVESTIMENTOS A OMNIA \u00e9 uma plataforma de datacenters hiperescal\u00e1veis lan\u00e7ada a partir do Fundo V de Infraestutura do Patria, gestora l\u00edder de ativos alternativos na Am\u00e9rica Latina. Com 37 anos de experi\u00eancia e aproximadamente U$ 50 bilh\u00f5es em ativos sob gest\u00e3o, o Patria possui ampla experi\u00eancia em projetos de infraestrutura, incluindo [&hellip;]<\/p>\n","protected":false},"author":1,"featured_media":0,"parent":0,"menu_order":0,"comment_status":"closed","ping_status":"closed","template":"elementor_header_footer","meta":{"footnotes":""},"class_list":["post-363","page","type-page","status-publish","hentry"],"_links":{"self":[{"href":"http:\/\/omniadc.com\/en\/wp-json\/wp\/v2\/pages\/363","targetHints":{"allow":["GET"]}}],"collection":[{"href":"http:\/\/omniadc.com\/en\/wp-json\/wp\/v2\/pages"}],"about":[{"href":"http:\/\/omniadc.com\/en\/wp-json\/wp\/v2\/types\/page"}],"author":[{"embeddable":true,"href":"http:\/\/omniadc.com\/en\/wp-json\/wp\/v2\/users\/1"}],"replies":[{"embeddable":true,"href":"http:\/\/omniadc.com\/en\/wp-json\/wp\/v2\/comments?post=363"}],"version-history":[{"count":40,"href":"http:\/\/omniadc.com\/en\/wp-json\/wp\/v2\/pages\/363\/revisions"}],"predecessor-version":[{"id":1694,"href":"http:\/\/omniadc.com\/en\/wp-json\/wp\/v2\/pages\/363\/revisions\/1694"}],"wp:attachment":[{"href":"http:\/\/omniadc.com\/en\/wp-json\/wp\/v2\/media?parent=363"}],"curies":[{"name":"wp","href":"https:\/\/api.w.org\/{rel}","templated":true}]}}