{"id":339,"date":"2025-10-24T23:11:48","date_gmt":"2025-10-25T02:11:48","guid":{"rendered":"https:\/\/omniadc.com\/?page_id=339"},"modified":"2025-11-24T17:22:01","modified_gmt":"2025-11-24T20:22:01","slug":"integridade","status":"publish","type":"page","link":"http:\/\/omniadc.com\/pt\/integridade\/","title":{"rendered":"Integridade"},"content":{"rendered":"\t\t<div data-elementor-type=\"wp-page\" data-elementor-id=\"339\" class=\"elementor elementor-339\" data-elementor-post-type=\"page\">\n\t\t\t\t<div class=\"elementor-element elementor-element-b91fecf e-con-full e-flex e-con e-parent\" data-id=\"b91fecf\" data-element_type=\"container\" data-settings=\"{&quot;background_background&quot;:&quot;classic&quot;}\">\n\t\t\t\t<\/div>\n\t\t<div class=\"elementor-element elementor-element-a673062 e-flex e-con-boxed e-con e-parent\" data-id=\"a673062\" data-element_type=\"container\">\n\t\t\t\t\t<div class=\"e-con-inner\">\n\t\t<div class=\"elementor-element elementor-element-ab82745 e-con-full e-flex e-con e-child\" data-id=\"ab82745\" data-element_type=\"container\">\n\t\t\t\t<div class=\"elementor-element elementor-element-478e181 elementor-widget elementor-widget-heading\" data-id=\"478e181\" data-element_type=\"widget\" data-widget_type=\"heading.default\">\n\t\t\t\t\t<h2 class=\"elementor-heading-title elementor-size-default\">INTEGRIDADE<\/h2>\t\t\t\t<\/div>\n\t\t\t\t<\/div>\n\t\t<div class=\"elementor-element elementor-element-ddaa48f e-con-full elementor-hidden-mobile e-flex e-con e-child\" data-id=\"ddaa48f\" data-element_type=\"container\">\n\t\t\t\t<\/div>\n\t\t\t\t\t<\/div>\n\t\t\t\t<\/div>\n\t\t<div class=\"elementor-element elementor-element-cfa3c00 e-flex e-con-boxed elementor-invisible e-con e-parent\" data-id=\"cfa3c00\" data-element_type=\"container\" data-settings=\"{&quot;animation&quot;:&quot;fadeInUp&quot;}\">\n\t\t\t\t\t<div class=\"e-con-inner\">\n\t\t<div class=\"elementor-element elementor-element-d1ad759 e-con-full e-flex e-con e-child\" data-id=\"d1ad759\" data-element_type=\"container\">\n\t\t\t\t<div class=\"elementor-element elementor-element-e6679ac elementor-invisible elementor-widget elementor-widget-heading\" data-id=\"e6679ac\" data-element_type=\"widget\" data-settings=\"{&quot;_animation&quot;:&quot;fadeIn&quot;,&quot;_animation_mobile&quot;:&quot;fadeInUp&quot;}\" data-widget_type=\"heading.default\">\n\t\t\t\t\t<h2 class=\"elementor-heading-title elementor-size-default\">Integridade na <span style=\"font-weight: bold;color: #78D64B\">OMNIA<\/span>\n<\/h2>\t\t\t\t<\/div>\n\t\t\t\t<div class=\"elementor-element elementor-element-2966faf elementor-widget elementor-widget-text-editor\" data-id=\"2966faf\" data-element_type=\"widget\" data-widget_type=\"text-editor.default\">\n\t\t\t\t\t\t\t\t\t<p>Na OMNIA, a integridade \u00e9 um valor inegoci\u00e1vel.<\/p><p>Guiamos nossas decis\u00f5es com \u00e9tica, transpar\u00eancia e responsabilidade socioambiental, construindo rela\u00e7\u00f5es de confian\u00e7a com nossos colaboradores, clientes, investidores, fornecedores e comunidades.<\/p><p>Nosso Programa de Integridade \u00e9 a base que sustenta esse compromisso. Ele foi criado para garantir que nossos valores se transformem em a\u00e7\u00f5es concretas \u2014 prevenindo, detectando e tratando qualquer conduta contr\u00e1ria \u00e0s leis, pol\u00edticas internas ou princ\u00edpios \u00e9ticos que orientam nossa atua\u00e7\u00e3o.<\/p><p>O Programa integra pol\u00edticas, treinamentos, mecanismos de controle e canais de di\u00e1logo que fortalecem a cultura \u00e9tica em todas as nossas opera\u00e7\u00f5es.<\/p><p><span style=\"background-color: transparent;\">Dentro desse programa, o <\/span><strong style=\"background-color: transparent;\">C\u00f3digo de \u00c9tica e Conduta da OMNIA<\/strong><span style=\"background-color: transparent;\">\u00a0\u00e9 o nosso principal guia de comportamento. Ele orienta como devemos agir no dia a dia e refor\u00e7a nossos compromissos com:<\/span><\/p><ul><li><p>Toler\u00e2ncia zero \u00e0 corrup\u00e7\u00e3o, ao ass\u00e9dio e a qualquer forma de discrimina\u00e7\u00e3o;<\/p><\/li><li><p>Sa\u00fade, seguran\u00e7a e bem-estar das pessoas;<\/p><\/li><li><p>Prote\u00e7\u00e3o de dados e uso respons\u00e1vel das informa\u00e7\u00f5es;<\/p><\/li><li><p>Transpar\u00eancia e integridade nas rela\u00e7\u00f5es com clientes, fornecedores e concorrentes;<\/p><\/li><li><p>Sustentabilidade e responsabilidade socioambiental.<\/p><\/li><\/ul><p>Acesse o <strong>C\u00f3digo de \u00c9tica e Conduta da OMNIA<\/strong><span style=\"font-weight: bold;\">\u00a0<span style=\"color: #78d64b;\"><a style=\"color: #78d64b;\" href=\"https:\/\/omniadc.com\/\/wp-content\/uploads\/2025\/11\/Omnia_Codigo_de_Etica_Conduta-v.final_.pdf\" target=\"_blank\" rel=\"noopener\"><u>aqui<\/u><\/a><\/span><\/span>.<\/p><p>Estendemos tamb\u00e9m esse padr\u00e3o\u00a0\u00e0s nossas rela\u00e7\u00f5es de neg\u00f3cio, por meio do <strong>C\u00f3digo de Conduta para Fornecedores e Prestadores de Servi\u00e7o<\/strong>, que re\u00fane as melhores pr\u00e1ticas que esperamos de nossos parceiros de neg\u00f3cios.<\/p><p>Acesse o <b>C\u00f3digo de Conduta para Fornecedores e Prestadores de Servi\u00e7o<\/b><span style=\"font-weight: bold;\">\u00a0<a href=\"https:\/\/omniadc.com\/wp-content\/uploads\/2025\/11\/Omnia_Codigo_de_Conduta_Fornecedores-v.final_.pdf\" target=\"_blank\" rel=\"noopener\"><span style=\"color: #78d64b;\"><u>aqui<\/u><\/span><\/a><\/span>.<\/p><p>Mais do que um conjunto de normas, esses documentos representam quem somos e como escolhemos conduzir nossos neg\u00f3cios\u00a0\u2014 com integridade, todos os dias.<\/p>\t\t\t\t\t\t\t\t<\/div>\n\t\t\t\t<\/div>\n\t\t\t\t\t<\/div>\n\t\t\t\t<\/div>\n\t\t<div class=\"elementor-element elementor-element-15713f1 e-flex e-con-boxed elementor-invisible e-con e-parent\" data-id=\"15713f1\" data-element_type=\"container\" data-settings=\"{&quot;animation&quot;:&quot;fadeInUp&quot;}\">\n\t\t\t\t\t<div class=\"e-con-inner\">\n\t\t<div class=\"elementor-element elementor-element-ffd0b02 e-con-full e-flex e-con e-child\" data-id=\"ffd0b02\" data-element_type=\"container\">\n\t\t\t\t<div class=\"elementor-element elementor-element-d534827 elementor-invisible elementor-widget elementor-widget-heading\" data-id=\"d534827\" data-element_type=\"widget\" data-settings=\"{&quot;_animation&quot;:&quot;fadeIn&quot;,&quot;_animation_mobile&quot;:&quot;fadeInUp&quot;}\" data-widget_type=\"heading.default\">\n\t\t\t\t\t<h2 class=\"elementor-heading-title elementor-size-default\">CANAL DE <span style=\"font-weight: bold;color: #78D64B\">\u00c9TICA<\/span>\n<\/h2>\t\t\t\t<\/div>\n\t\t\t\t<div class=\"elementor-element elementor-element-3298043 elementor-widget elementor-widget-text-editor\" data-id=\"3298043\" data-element_type=\"widget\" data-widget_type=\"text-editor.default\">\n\t\t\t\t\t\t\t\t\t<div class=\"elementToProof\">A OMNIA\u00a0disponibiliza o seu <b>Canal de \u00c9tica<\/b>: uma forma segura, respons\u00e1vel e, se desejada, an\u00f4nima de comunicar quaisquer suspeitas de viola\u00e7\u00e3o ou n\u00e3o conformidade ao nosso C\u00f3digo de \u00c9tica, \u00e0s demais pol\u00edticas da OMNIA e\/ou temas relacionados \u00e0 corrup\u00e7\u00e3o (Lei n\u00ba 12.846\/13 &#8211; Lei Anticorrup\u00e7\u00e3o).<\/div><div class=\"elementToProof\">As informa\u00e7\u00f5es aqui registradas ser\u00e3o recebidas por uma empresa independente e especializada, assegurando o sigilo\u00a0e o tratamento adequado de cada situa\u00e7\u00e3o.<\/div><div class=\"elementToProof\">A OMNIA\u00a0repudia qualquer forma de retalia\u00e7\u00e3o\u00a0contra pessoas que utilizem, de boa-f\u00e9, os canais dispon\u00edveis para fazer uma den\u00fancia ou colaborar com investiga\u00e7\u00f5es internas.<\/div><div class=\"elementToProof\">Nosso Canal de \u00c9tica est\u00e1 dispon\u00edvel 24 horas por dia,\u00a0 para colaboradores, parceiros e o p\u00fablico externo.<\/div>\t\t\t\t\t\t\t\t<\/div>\n\t\t\t\t<div class=\"elementor-element elementor-element-ac4f06b elementor-widget elementor-widget-button\" data-id=\"ac4f06b\" data-element_type=\"widget\" data-widget_type=\"button.default\">\n\t\t\t\t\t\t\t\t\t\t<a class=\"elementor-button elementor-button-link elementor-size-sm\" href=\"https:\/\/canaldeetica.com.br\/omniadatacenters\/\" target=\"_blank\" rel=\"noopener\">\n\t\t\t\t\t\t<span class=\"elementor-button-content-wrapper\">\n\t\t\t\t\t\t<span class=\"elementor-button-icon\">\n\t\t\t\t<svg aria-hidden=\"true\" class=\"e-font-icon-svg e-fas-link\" viewBox=\"0 0 512 512\" xmlns=\"http:\/\/www.w3.org\/2000\/svg\"><path d=\"M326.612 185.391c59.747 59.809 58.927 155.698.36 214.59-.11.12-.24.25-.36.37l-67.2 67.2c-59.27 59.27-155.699 59.262-214.96 0-59.27-59.26-59.27-155.7 0-214.96l37.106-37.106c9.84-9.84 26.786-3.3 27.294 10.606.648 17.722 3.826 35.527 9.69 52.721 1.986 5.822.567 12.262-3.783 16.612l-13.087 13.087c-28.026 28.026-28.905 73.66-1.155 101.96 28.024 28.579 74.086 28.749 102.325.51l67.2-67.19c28.191-28.191 28.073-73.757 0-101.83-3.701-3.694-7.429-6.564-10.341-8.569a16.037 16.037 0 0 1-6.947-12.606c-.396-10.567 3.348-21.456 11.698-29.806l21.054-21.055c5.521-5.521 14.182-6.199 20.584-1.731a152.482 152.482 0 0 1 20.522 17.197zM467.547 44.449c-59.261-59.262-155.69-59.27-214.96 0l-67.2 67.2c-.12.12-.25.25-.36.37-58.566 58.892-59.387 154.781.36 214.59a152.454 152.454 0 0 0 20.521 17.196c6.402 4.468 15.064 3.789 20.584-1.731l21.054-21.055c8.35-8.35 12.094-19.239 11.698-29.806a16.037 16.037 0 0 0-6.947-12.606c-2.912-2.005-6.64-4.875-10.341-8.569-28.073-28.073-28.191-73.639 0-101.83l67.2-67.19c28.239-28.239 74.3-28.069 102.325.51 27.75 28.3 26.872 73.934-1.155 101.96l-13.087 13.087c-4.35 4.35-5.769 10.79-3.783 16.612 5.864 17.194 9.042 34.999 9.69 52.721.509 13.906 17.454 20.446 27.294 10.606l37.106-37.106c59.271-59.259 59.271-155.699.001-214.959z\"><\/path><\/svg>\t\t\t<\/span>\n\t\t\t\t\t\t\t\t\t<span class=\"elementor-button-text\">Acesse aqui<\/span>\n\t\t\t\t\t<\/span>\n\t\t\t\t\t<\/a>\n\t\t\t\t\t\t\t\t<\/div>\n\t\t\t\t<div class=\"elementor-element elementor-element-1db696b elementor-absolute elementor-invisible elementor-widget elementor-widget-image\" data-id=\"1db696b\" data-element_type=\"widget\" data-settings=\"{&quot;_position&quot;:&quot;absolute&quot;,&quot;_animation&quot;:&quot;fadeInLeft&quot;,&quot;_animation_mobile&quot;:&quot;fadeInLeft&quot;}\" data-widget_type=\"image.default\">\n\t\t\t\t\t\t\t\t\t\t\t\t\t\t\t<img decoding=\"async\" width=\"112\" height=\"107\" src=\"https:\/\/omniadc.com\/wp-content\/uploads\/2025\/10\/Arte-2.png\" class=\"attachment-full size-full wp-image-11\" alt=\"\" \/>\t\t\t\t\t\t\t\t\t\t\t\t\t\t\t<\/div>\n\t\t\t\t<div class=\"elementor-element elementor-element-d9a35e2 elementor-absolute elementor-invisible elementor-widget elementor-widget-image\" data-id=\"d9a35e2\" data-element_type=\"widget\" data-settings=\"{&quot;_position&quot;:&quot;absolute&quot;,&quot;_animation&quot;:&quot;fadeInRight&quot;,&quot;_animation_mobile&quot;:&quot;fadeInRight&quot;}\" data-widget_type=\"image.default\">\n\t\t\t\t\t\t\t\t\t\t\t\t\t\t\t<img decoding=\"async\" width=\"112\" height=\"107\" src=\"https:\/\/omniadc.com\/wp-content\/uploads\/2025\/10\/Arte-2-2.png\" class=\"attachment-full size-full wp-image-260\" alt=\"\" \/>\t\t\t\t\t\t\t\t\t\t\t\t\t\t\t<\/div>\n\t\t\t\t<\/div>\n\t\t\t\t\t<\/div>\n\t\t\t\t<\/div>\n\t\t\t\t<\/div>\n\t\t","protected":false},"excerpt":{"rendered":"<p>INTEGRIDADE Integridade na OMNIA Na OMNIA, a integridade \u00e9 um valor inegoci\u00e1vel. Guiamos nossas decis\u00f5es com \u00e9tica, transpar\u00eancia e responsabilidade socioambiental, construindo rela\u00e7\u00f5es de confian\u00e7a com nossos colaboradores, clientes, investidores, fornecedores e comunidades. Nosso Programa de Integridade \u00e9 a base que sustenta esse compromisso. Ele foi criado para garantir que nossos valores se transformem em [&hellip;]<\/p>\n","protected":false},"author":1,"featured_media":0,"parent":0,"menu_order":0,"comment_status":"closed","ping_status":"closed","template":"elementor_header_footer","meta":{"footnotes":""},"class_list":["post-339","page","type-page","status-publish","hentry"],"_links":{"self":[{"href":"http:\/\/omniadc.com\/pt\/wp-json\/wp\/v2\/pages\/339","targetHints":{"allow":["GET"]}}],"collection":[{"href":"http:\/\/omniadc.com\/pt\/wp-json\/wp\/v2\/pages"}],"about":[{"href":"http:\/\/omniadc.com\/pt\/wp-json\/wp\/v2\/types\/page"}],"author":[{"embeddable":true,"href":"http:\/\/omniadc.com\/pt\/wp-json\/wp\/v2\/users\/1"}],"replies":[{"embeddable":true,"href":"http:\/\/omniadc.com\/pt\/wp-json\/wp\/v2\/comments?post=339"}],"version-history":[{"count":97,"href":"http:\/\/omniadc.com\/pt\/wp-json\/wp\/v2\/pages\/339\/revisions"}],"predecessor-version":[{"id":1363,"href":"http:\/\/omniadc.com\/pt\/wp-json\/wp\/v2\/pages\/339\/revisions\/1363"}],"wp:attachment":[{"href":"http:\/\/omniadc.com\/pt\/wp-json\/wp\/v2\/media?parent=339"}],"curies":[{"name":"wp","href":"https:\/\/api.w.org\/{rel}","templated":true}]}}